{"id":1724,"date":"2018-08-29T23:34:20","date_gmt":"2018-08-29T21:34:20","guid":{"rendered":"http:\/\/dinamico-onlus.org\/?page_id=1724"},"modified":"2022-09-07T19:37:57","modified_gmt":"2022-09-07T17:37:57","slug":"statuto","status":"publish","type":"page","link":"https:\/\/dinamico-onlus.org\/index.php\/about-us\/statuto\/","title":{"rendered":"Statuto"},"content":{"rendered":"<p>[vc_row centered=&#8221;yes&#8221; bg_type=&#8221;image&#8221; parallax_style=&#8221;vcpb-default&#8221; bg_image_new=&#8221;id^1813|url^http:\/\/dinamico-onlus.org\/wp-content\/uploads\/2018\/10\/20180305_175058.jpg|caption^null|alt^null|title^20180305_175058|description^null&#8221; bg_image_repeat=&#8221;no-repeat&#8221; sd_bg_color=&#8221;&#8221;][vc_column]<div class=\"ult-spacer spacer-69dedb26260cf\" data-id=\"69dedb26260cf\" data-height=\"110\" data-height-mobile=\"50\" data-height-tab=\"\" data-height-tab-portrait=\"\" data-height-mobile-landscape=\"\" style=\"clear:both;display:block;\"><\/div><div id=\"ultimate-heading-53369dedb26260f9\" class=\"uvc-heading ult-adjust-bottom-margin ultimate-heading-53369dedb26260f9 uvc-3124 \" data-hspacer=\"no_spacer\"  data-halign=\"left\" style=\"text-align:left\"><div class=\"uvc-heading-spacer no_spacer\" style=\"top\"><\/div><div class=\"uvc-sub-heading ult-responsive\"  data-ultimate-target='.uvc-heading.ultimate-heading-53369dedb26260f9 .uvc-sub-heading '  data-responsive-json-new='{\"font-size\":\"desktop:18px;\",\"line-height\":\"desktop:18px;\"}'  style=\"font-family:&#039;Montserrat&#039;;font-weight:700;\"><\/p>\n<p class=\"sd-text-bg-white\">STATUTO<\/p>\n<p><\/div><\/div><div class=\"ult-spacer spacer-69dedb262612d\" data-id=\"69dedb262612d\" data-height=\"110\" data-height-mobile=\"50\" data-height-tab=\"\" data-height-tab-portrait=\"\" data-height-mobile-landscape=\"\" style=\"clear:both;display:block;\"><\/div>[\/vc_column][\/vc_row][vc_row centered=&#8221;yes&#8221;][vc_column]<div class=\"ult-spacer spacer-69dedb2626141\" data-id=\"69dedb2626141\" data-height=\"70\" data-height-mobile=\"70\" data-height-tab=\"70\" data-height-tab-portrait=\"\" data-height-mobile-landscape=\"\" style=\"clear:both;display:block;\"><\/div>[vc_row_inner][vc_column_inner width=&#8221;1\/2&#8243;]<div id=\"ultimate-heading-130369dedb2626161\" class=\"uvc-heading ult-adjust-bottom-margin ultimate-heading-130369dedb2626161 uvc-5050 \" data-hspacer=\"no_spacer\"  data-halign=\"left\" style=\"text-align:left\"><div class=\"uvc-heading-spacer no_spacer\" style=\"top\"><\/div><div class=\"uvc-main-heading ult-responsive\"  data-ultimate-target='.uvc-heading.ultimate-heading-130369dedb2626161 h3'  data-responsive-json-new='{\"font-size\":\"desktop:24px;\",\"line-height\":\"desktop:36px;\"}' ><h3 style=\"font-family:&#039;Montserrat&#039;;font-weight:700;margin-bottom:15px;\">Statuto e atto costitutivo rappresentano un vero e proprio contratto tra i nostri soci. <\/h3><\/div><div class=\"uvc-sub-heading ult-responsive\"  data-ultimate-target='.uvc-heading.ultimate-heading-130369dedb2626161 .uvc-sub-heading '  data-responsive-json-new='{\"font-size\":\"desktop:21px;\",\"line-height\":\"desktop:30px;\"}'  style=\"font-family:&#039;Karla&#039;;font-weight:normal;color:#29af8a;margin-bottom:25px;\">Gli stessi si impegnano a fornire il proprio contributo, per il raggiungimento di uno scopo comune<\/div><\/div>[vc_single_image image=&#8221;2065&#8243; img_size=&#8221;650&#215;350&#8243; alignment=&#8221;center&#8221;][vc_column_text]<\/p>\n<h3>Per scaricare lo statuto clicca <a href=\"http:\/\/dinamico-onlus.org\/wp-content\/uploads\/2019\/07\/2_statuto_3_settore_fr.pdf\" target=\"_blank\" rel=\"noopener\">qui<\/a><\/h3>\n<p>[\/vc_column_text]<div id=\"ultimate-heading-852969dedb2626198\" class=\"uvc-heading ult-adjust-bottom-margin ultimate-heading-852969dedb2626198 uvc-4851 \" data-hspacer=\"no_spacer\"  data-halign=\"left\" style=\"text-align:left\"><div class=\"uvc-heading-spacer no_spacer\" style=\"top\"><\/div><div class=\"uvc-main-heading ult-responsive\"  data-ultimate-target='.uvc-heading.ultimate-heading-852969dedb2626198 h3'  data-responsive-json-new='{\"font-size\":\"desktop:24px;\",\"line-height\":\"desktop:36px;\"}' ><h3 style=\"font-family:&#039;Montserrat&#039;;font-weight:700;margin-bottom:30px;\">PRINCIPI DELLO STATUTO<\/h3><\/div><\/div><div class=\"smile_icon_list_wrap ult_info_list_container ult-adjust-bottom-margin  \"><ul class=\"smile_icon_list left circle with_bg\"><li class=\"icon_list_item\" style=\" font-size:78px;\"><div class=\"icon_list_icon\" data-animation=\"bounceInDown\" data-animation-delay=\"03\" style=\"font-size:26px;border-width:1px;border-style:none;background:#f1f5fa;color:#29af8a;border-color:#333333;\"><i class=\"Defaults-child\" ><\/i><\/div><div class=\"icon_description\" id=\"Info-list-wrap-7526\" style=\"font-size:26px;\"><h3 class=\"ult-responsive\"  data-ultimate-target='#Info-list-wrap-7526 h3'  data-responsive-json-new='{\"font-size\":\"desktop:14px;\",\"line-height\":\"desktop:24px;\"}'  style=\"font-family:&#039;Montserrat&#039;;\">ORGANIZZAZIONE DI VOLONTARIATO<\/h3><div class=\"icon_description_text ult-responsive\"  data-ultimate-target='#Info-list-wrap-7526 .icon_description_text'  data-responsive-json-new='{\"font-size\":\"desktop:16px;\",\"line-height\":\"desktop:24px;\"}'  style=\"font-family:&#039;Karla&#039;;\"><p>L\u2019organizzazione \u00e8 costituita in forma di Organizzazione di Volontariato ai sensi del D.LGS. 117\/2017 ed \u00e8 iiscritta al RUNTS con il n. di repertorio 33208 del 31 maggio 2022<\/p>\n<\/div><\/div><div class=\"icon_list_connector\" data-animation=\"fadeInUp\" data-animation-delay=\"03\" style=\"border-right-width: 1px;border-right-style: dashed;border-color: #637285;\"><\/div><\/li><li class=\"icon_list_item\" style=\" font-size:78px;\"><div class=\"icon_list_icon\" data-animation=\"bounceInDown\" data-animation-delay=\"03\" style=\"font-size:26px;border-width:1px;border-style:none;background:#f1f5fa;color:#29af8a;border-color:#333333;\"><i class=\"Defaults-cogs gears\" ><\/i><\/div><div class=\"icon_description\" id=\"Info-list-wrap-7674\" style=\"font-size:26px;\"><h3 class=\"ult-responsive\"  data-ultimate-target='#Info-list-wrap-7674 h3'  data-responsive-json-new='{\"font-size\":\"desktop:14px;\",\"line-height\":\"desktop:24px;\"}'  style=\"font-family:&#039;Montserrat&#039;;\">STRUTTURA<\/h3><div class=\"icon_description_text ult-responsive\"  data-ultimate-target='#Info-list-wrap-7674 .icon_description_text'  data-responsive-json-new='{\"font-size\":\"desktop:16px;\",\"line-height\":\"desktop:24px;\"}'  style=\"font-family:&#039;Karla&#039;;\"><p>I contenuti e la struttura dell\u2019organizzazione sono ispirati a principi di solidarismo, trasparenza e democrazia<\/p>\n<\/div><\/div><div class=\"icon_list_connector\" data-animation=\"fadeInUp\" data-animation-delay=\"03\" style=\"border-right-width: 1px;border-right-style: dashed;border-color: #637285;\"><\/div><\/li><li class=\"icon_list_item\" style=\" font-size:78px;\"><div class=\"icon_list_icon\" data-animation=\"bounceInDown\" data-animation-delay=\"03\" style=\"font-size:26px;border-width:1px;border-style:none;background:#f1f5fa;color:#29af8a;border-color:#333333;\"><i class=\"Defaults-wheelchair\" ><\/i><\/div><div class=\"icon_description\" id=\"Info-list-wrap-3831\" style=\"font-size:26px;\"><h3 class=\"ult-responsive\"  data-ultimate-target='#Info-list-wrap-3831 h3'  data-responsive-json-new='{\"font-size\":\"desktop:14px;\",\"line-height\":\"desktop:24px;\"}'  style=\"font-family:&#039;Montserrat&#039;;\">SCOPI<\/h3><div class=\"icon_description_text ult-responsive\"  data-ultimate-target='#Info-list-wrap-3831 .icon_description_text'  data-responsive-json-new='{\"font-size\":\"desktop:16px;\",\"line-height\":\"desktop:24px;\"}'  style=\"font-family:&#039;Karla&#039;;\"><p>L\u2019Organizzazione, senza fini di lucro e con l\u2019azione gratuita dei propri aderenti, opera nel settore: assistenza sociale e di avvio alla pratica dello sport dilettantistico per disabili<\/p>\n<\/div><\/div><div class=\"icon_list_connector\" data-animation=\"fadeInUp\" data-animation-delay=\"03\" style=\"border-right-width: 1px;border-right-style: dashed;border-color: #637285;\"><\/div><\/li><li class=\"icon_list_item\" style=\" font-size:78px;\"><div class=\"icon_list_icon\" data-animation=\"bounceInDown\" data-animation-delay=\"03\" style=\"font-size:26px;border-width:1px;border-style:none;background:#f1f5fa;color:#29af8a;border-color:#333333;\"><i class=\"Defaults-heart\" ><\/i><\/div><div class=\"icon_description\" id=\"Info-list-wrap-6284\" style=\"font-size:26px;\"><h3 class=\"ult-responsive\"  data-ultimate-target='#Info-list-wrap-6284 h3'  data-responsive-json-new='{\"font-size\":\"desktop:14px;\",\"line-height\":\"desktop:24px;\"}'  style=\"font-family:&#039;Montserrat&#039;;\">FINALITA'<\/h3><div class=\"icon_description_text ult-responsive\"  data-ultimate-target='#Info-list-wrap-6284 .icon_description_text'  data-responsive-json-new='{\"font-size\":\"desktop:16px;\",\"line-height\":\"desktop:24px;\"}'  style=\"font-family:&#039;Karla&#039;;\"><p>L\u2019organizzazione promuove l&#8217;incentivazione all&#8217;attivit\u00e0 motoria, alle attivit\u00e0 ludiche, mirate all&#8217;integrazione ed alla possibilit\u00e0 di avviamento alla pratica sportiva per i disabili<\/p>\n<\/div><\/div><div class=\"icon_list_connector\" data-animation=\"fadeInUp\" data-animation-delay=\"03\" style=\"border-right-width: 1px;border-right-style: dashed;border-color: #637285;\"><\/div><\/li><\/ul><\/div>[\/vc_column_inner][\/vc_row_inner][\/vc_column][\/vc_row][vc_row centered=&#8221;yes&#8221; sd_margin_bottom=&#8221;100px&#8221;][vc_column width=&#8221;1\/3&#8243; css=&#8221;.vc_custom_1438294161924{padding-right: 0px !important;}&#8221;]<div class=\"ult-content-box-container \" >\t\t<div class=\"ult-content-box\" style=\"background-color:#f1f5fa;box-shadow: px px px px rgb(247, 247, 247) none;padding:30px;-webkit-transition: all 700ms ease;-moz-transition: all 700ms ease;-ms-transition: all 700ms ease;-o-transition: all 700ms ease;transition: all 700ms ease;\"  data-hover_box_shadow=\"none\"     data-bg=\"#f1f5fa\" >[vc_column_text css=&#8221;.vc_custom_1541975748732{margin-bottom: 0px !important;}&#8221;]<\/p>\n<h4>EMAIL dinamico.onlus@gmail.com<\/h4>\n<p>[\/vc_column_text]\t\t<\/div><\/div>[\/vc_column][vc_column width=&#8221;1\/3&#8243; css=&#8221;.vc_custom_1438294123374{padding-left: 0px !important;}&#8221;]<div class=\"ult-content-box-container \" >\t\t<div class=\"ult-content-box\" style=\"background-color:#e7edf5;box-shadow: px px px px #f7f7f7 none;padding:30px;-webkit-transition: all 700ms ease;-moz-transition: all 700ms ease;-ms-transition: all 700ms ease;-o-transition: all 700ms ease;transition: all 700ms ease;\"  data-hover_box_shadow=\"none\"     data-bg=\"#e7edf5\" >[vc_column_text css=&#8221;.vc_custom_1541975971659{margin-bottom: 0px !important;}&#8221;]<\/p>\n<h4>DOMANDE? CHIAMA 328 9616187<\/h4>\n<p>[\/vc_column_text]\t\t<\/div><\/div>[\/vc_column][vc_column width=&#8221;1\/3&#8243;][\/vc_column][\/vc_row]<\/p>\n","protected":false},"excerpt":{"rendered":"<p>[vc_row centered=&#8221;yes&#8221; bg_type=&#8221;image&#8221; parallax_style=&#8221;vcpb-default&#8221; bg_image_new=&#8221;id^1813|url^http:\/\/dinamico-onlus.org\/wp-content\/uploads\/2018\/10\/20180305_175058.jpg|caption^null|alt^null|title^20180305_175058|description^null&#8221; bg_image_repeat=&#8221;no-repeat&#8221; sd_bg_color=&#8221;&#8221;][vc_column][\/vc_column][\/vc_row][vc_row centered=&#8221;yes&#8221;][vc_column][vc_row_inner][vc_column_inner width=&#8221;1\/2&#8243;][vc_single_image image=&#8221;2065&#8243; img_size=&#8221;650&#215;350&#8243; alignment=&#8221;center&#8221;][vc_column_text] Per scaricare lo statuto clicca qui [\/vc_column_text][\/vc_column_inner][\/vc_row_inner][\/vc_column][\/vc_row][vc_row centered=&#8221;yes&#8221; sd_margin_bottom=&#8221;100px&#8221;][vc_column width=&#8221;1\/3&#8243; css=&#8221;.vc_custom_1438294161924{padding-right: 0px !important;}&#8221;][\/vc_column][vc_column width=&#8221;1\/3&#8243; css=&#8221;.vc_custom_1438294123374{padding-left: 0px !important;}&#8221;][\/vc_column][vc_column width=&#8221;1\/3&#8243;][\/vc_column][\/vc_row]<\/p>\n<p><a class=\"sd-more sd-all-trans\" href=\"https:\/\/dinamico-onlus.org\/index.php\/about-us\/statuto\/#more-1724\">Read More<\/a><\/p>\n","protected":false},"author":1,"featured_media":0,"parent":263,"menu_order":0,"comment_status":"closed","ping_status":"closed","template":"","meta":{"footnotes":""},"class_list":["post-1724","page","type-page","status-publish","hentry"],"_links":{"self":[{"href":"https:\/\/dinamico-onlus.org\/index.php\/wp-json\/wp\/v2\/pages\/1724","targetHints":{"allow":["GET"]}}],"collection":[{"href":"https:\/\/dinamico-onlus.org\/index.php\/wp-json\/wp\/v2\/pages"}],"about":[{"href":"https:\/\/dinamico-onlus.org\/index.php\/wp-json\/wp\/v2\/types\/page"}],"author":[{"embeddable":true,"href":"https:\/\/dinamico-onlus.org\/index.php\/wp-json\/wp\/v2\/users\/1"}],"replies":[{"embeddable":true,"href":"https:\/\/dinamico-onlus.org\/index.php\/wp-json\/wp\/v2\/comments?post=1724"}],"version-history":[{"count":18,"href":"https:\/\/dinamico-onlus.org\/index.php\/wp-json\/wp\/v2\/pages\/1724\/revisions"}],"predecessor-version":[{"id":2978,"href":"https:\/\/dinamico-onlus.org\/index.php\/wp-json\/wp\/v2\/pages\/1724\/revisions\/2978"}],"up":[{"embeddable":true,"href":"https:\/\/dinamico-onlus.org\/index.php\/wp-json\/wp\/v2\/pages\/263"}],"wp:attachment":[{"href":"https:\/\/dinamico-onlus.org\/index.php\/wp-json\/wp\/v2\/media?parent=1724"}],"curies":[{"name":"wp","href":"https:\/\/api.w.org\/{rel}","templated":true}]}}