{"id":2564,"date":"2020-03-26T16:33:57","date_gmt":"2020-03-26T15:33:57","guid":{"rendered":"http:\/\/dinamico-onlus.org\/?page_id=2564"},"modified":"2023-04-17T23:39:22","modified_gmt":"2023-04-17T21:39:22","slug":"socio","status":"publish","type":"page","link":"https:\/\/dinamico-onlus.org\/index.php\/contact-us\/socio\/","title":{"rendered":"DIVENTA SOCIO"},"content":{"rendered":"<p>[vc_row centered=&#8221;yes&#8221; bg_type=&#8221;image&#8221; parallax_style=&#8221;vcpb-default&#8221; bg_image_new=&#8221;id^2518|url^http:\/\/dinamico-onlus.org\/wp-content\/uploads\/2019\/12\/IMG_6953.jpg|caption^null|alt^null|title^IMG_6953|description^null&#8221; bg_image_repeat=&#8221;no-repeat&#8221; bg_image_size=&#8221;contain&#8221; sd_bg_color=&#8221;&#8221;][vc_column]<div class=\"ult-spacer spacer-69dac5df9bde3\" data-id=\"69dac5df9bde3\" data-height=\"110\" data-height-mobile=\"50\" data-height-tab=\"\" data-height-tab-portrait=\"\" data-height-mobile-landscape=\"\" style=\"clear:both;display:block;\"><\/div><div id=\"ultimate-heading-943269dac5df9be0b\" class=\"uvc-heading ult-adjust-bottom-margin ultimate-heading-943269dac5df9be0b uvc-3734 \" data-hspacer=\"no_spacer\"  data-halign=\"left\" style=\"text-align:left\"><div class=\"uvc-heading-spacer no_spacer\" style=\"top\"><\/div><div class=\"uvc-sub-heading ult-responsive\"  data-ultimate-target='.uvc-heading.ultimate-heading-943269dac5df9be0b .uvc-sub-heading '  data-responsive-json-new='{\"font-size\":\"desktop:18px;\",\"line-height\":\"desktop:18px;\"}'  style=\"font-family:&#039;Montserrat&#039;;font-weight:700;\"><\/p>\n<p class=\"sd-text-bg-white\">DIVENTA SOCIO<\/p>\n<p><\/div><\/div><div class=\"ult-spacer spacer-69dac5df9be3d\" data-id=\"69dac5df9be3d\" data-height=\"110\" data-height-mobile=\"50\" data-height-tab=\"\" data-height-tab-portrait=\"\" data-height-mobile-landscape=\"\" style=\"clear:both;display:block;\"><\/div>[\/vc_column][\/vc_row][vc_row centered=&#8221;yes&#8221;][vc_column]<div class=\"ult-spacer spacer-69dac5df9be5b\" data-id=\"69dac5df9be5b\" data-height=\"70\" data-height-mobile=\"70\" data-height-tab=\"70\" data-height-tab-portrait=\"\" data-height-mobile-landscape=\"\" style=\"clear:both;display:block;\"><\/div>[vc_row_inner][vc_column_inner width=&#8221;1\/2&#8243;]<div id=\"ultimate-heading-199669dac5df9be7d\" class=\"uvc-heading ult-adjust-bottom-margin ultimate-heading-199669dac5df9be7d uvc-3675 \" data-hspacer=\"no_spacer\"  data-halign=\"left\" style=\"text-align:left\"><div class=\"uvc-heading-spacer no_spacer\" style=\"top\"><\/div><div class=\"uvc-main-heading ult-responsive\"  data-ultimate-target='.uvc-heading.ultimate-heading-199669dac5df9be7d h3'  data-responsive-json-new='{\"font-size\":\"desktop:24px;\",\"line-height\":\"desktop:36px;\"}' ><h3 style=\"font-family:&#039;Montserrat&#039;;font-weight:700;margin-bottom:15px;\">DIVENTA SOCIO DINAMICO<\/h3><\/div><div class=\"uvc-sub-heading ult-responsive\"  data-ultimate-target='.uvc-heading.ultimate-heading-199669dac5df9be7d .uvc-sub-heading '  data-responsive-json-new='{\"font-size\":\"desktop:21px;\",\"line-height\":\"desktop:30px;\"}'  style=\"font-family:&#039;Karla&#039;;font-weight:normal;color:#29af8a;margin-bottom:25px;\"><strong>La validit\u00e0 della tessera \u00e8 di 1 anno, da gennaio a dicembre<\/strong><\/div><\/div>[vc_single_image image=&#8221;2518&#8243; img_size=&#8221;full&#8221; alignment=&#8221;center&#8221;][vc_btn title=&#8221;COMPILA ONLINE&#8221; style=&#8221;3d&#8221; size=&#8221;lg&#8221; i_icon_fontawesome=&#8221;fa fa-external-link&#8221; add_icon=&#8221;true&#8221; link=&#8221;url:https%3A%2F%2Fforms.gle%2F98w8GmPiDeMS4oRi9||target:%20_blank|&#8221;][\/vc_column_inner][vc_column_inner width=&#8221;1\/2&#8243;]<div id=\"ultimate-heading-338769dac5df9beb9\" class=\"uvc-heading ult-adjust-bottom-margin ultimate-heading-338769dac5df9beb9 uvc-9781 \" data-hspacer=\"no_spacer\"  data-halign=\"left\" style=\"text-align:left\"><div class=\"uvc-heading-spacer no_spacer\" style=\"top\"><\/div><div class=\"uvc-main-heading ult-responsive\"  data-ultimate-target='.uvc-heading.ultimate-heading-338769dac5df9beb9 h3'  data-responsive-json-new='{\"font-size\":\"desktop:24px;\",\"line-height\":\"desktop:36px;\"}' ><h3 style=\"font-family:&#039;Montserrat&#039;;font-weight:700;margin-bottom:15px;\">COME DIVENTARE SOCIO<\/h3><\/div><div class=\"uvc-sub-heading ult-responsive\"  data-ultimate-target='.uvc-heading.ultimate-heading-338769dac5df9beb9 .uvc-sub-heading '  data-responsive-json-new='{\"font-size\":\"desktop:21px;\",\"line-height\":\"desktop:30px;\"}'  style=\"font-family:&#039;Karla&#039;;font-weight:normal;color:#29af8a;margin-bottom:25px;\"><strong>Le iscrizioni si effettuano online o compilando il modulo cartaceo<\/strong><\/div><\/div>[vc_single_image image=&#8221;3062&#8243; img_size=&#8221;full&#8221;][vc_btn title=&#8221;SCARICA IL MODULO&#8221; style=&#8221;3d&#8221; i_icon_fontawesome=&#8221;fa fa-external-link&#8221; add_icon=&#8221;true&#8221; link=&#8221;url:http%3A%2F%2Fdinamico-onlus.org%2Fwp-content%2Fuploads%2F2020%2F03%2F1_domanda_ammissione.pdf||target:%20_blank|&#8221;][\/vc_column_inner][\/vc_row_inner]<div class=\"ult-spacer spacer-69dac5df9bee6\" data-id=\"69dac5df9bee6\" data-height=\"10\" data-height-mobile=\"10\" data-height-tab=\"10\" data-height-tab-portrait=\"\" data-height-mobile-landscape=\"\" style=\"clear:both;display:block;\"><\/div><div id=\"ultimate-heading-598969dac5df9bf09\" class=\"uvc-heading ult-adjust-bottom-margin ultimate-heading-598969dac5df9bf09 uvc-2693 \" data-hspacer=\"line_only\"  data-halign=\"left\" style=\"text-align:left\"><div class=\"uvc-heading-spacer line_only\" style=\"margin-top:0px;margin-bottom:10px;height:1px;\"><span class=\"uvc-headings-line\" style=\"border-style:solid;border-bottom-width:1px;border-color:#ccc;width:autopx;\"><\/span><\/div><div class=\"uvc-main-heading ult-responsive\"  data-ultimate-target='.uvc-heading.ultimate-heading-598969dac5df9bf09 h3'  data-responsive-json-new='{\"font-size\":\"desktop:32px;\",\"line-height\":\"desktop:36px;\"}' ><h3 style=\"font-family:&#039;Montserrat&#039;;font-weight:700;margin-bottom:10px;\">Le quote di associazione annuali sono:<\/h3><\/div><div class=\"uvc-sub-heading ult-responsive\"  data-ultimate-target='.uvc-heading.ultimate-heading-598969dac5df9bf09 .uvc-sub-heading '  data-responsive-json-new='{\"font-size\":\"desktop:21px;\",\"line-height\":\"desktop:30px;\"}'  style=\"font-family:&#039;Karla&#039;;font-weight:normal;color:#29af8a;\"><\/p>\n<h3><strong><span style=\"color: #000080;\">Socio Ordinario \u20ac 10<\/span><\/strong><\/h3>\n<h3><strong><span style=\"color: #000080;\">Socio Sostenitore \u2265 \u20ac 30<\/span><\/strong><\/h3>\n<p><\/div><\/div>[vc_separator]<div id=\"ultimate-heading-738269dac5df9bf34\" class=\"uvc-heading ult-adjust-bottom-margin ultimate-heading-738269dac5df9bf34 uvc-8642 \" data-hspacer=\"no_spacer\"  data-halign=\"left\" style=\"text-align:left\"><div class=\"uvc-heading-spacer no_spacer\" style=\"top\"><\/div><div class=\"uvc-main-heading ult-responsive\"  data-ultimate-target='.uvc-heading.ultimate-heading-738269dac5df9bf34 h2'  data-responsive-json-new='{\"font-size\":\"\",\"line-height\":\"\"}' ><h2 style=\"font-weight:normal;\">DOMANDE FREQUENTI<\/h2><\/div><\/div>[\/vc_column][\/vc_row][vc_row][vc_column][vc_toggle title=&#8221;Quanto dura la tessera&#8221; css=&#8221;.vc_custom_1585245111834{margin-left: 170px !important;}&#8221;]L&#8217;adesione dura un anno solare: dal 1 gennaio al 31 dicembre dell&#8217;anno in corso.[\/vc_toggle][vc_toggle title=&#8221;Quali sono le modalit\u00e0 di pagamento?&#8221; css=&#8221;.vc_custom_1585673461048{margin-left: 170px !important;}&#8221;]Attualmente \u00e8 possibile effettuare il pagamento tramite bonifico (IBAN:\u00a0IT 17 X 08869 53541 000000014202)\u00a0inserendo nella causale &#8220;Quota associazione anno xxxx o in contanti[\/vc_toggle][vc_toggle title=&#8221;Quando ricever\u00f2 la tessera&#8221; css=&#8221;.vc_custom_1585673993373{margin-left: 170px !important;}&#8221;]La tesser\u00e0 sar\u00e0 spedita all&#8217;indirizzo email entro una settimana dal versamento[\/vc_toggle][\/vc_column][\/vc_row][vc_row css=&#8221;.vc_custom_1585657314181{margin-left: 150px !important;}&#8221;][vc_column][\/vc_column][\/vc_row]<\/p>\n","protected":false},"excerpt":{"rendered":"<p>[vc_row centered=&#8221;yes&#8221; bg_type=&#8221;image&#8221; parallax_style=&#8221;vcpb-default&#8221; bg_image_new=&#8221;id^2518|url^http:\/\/dinamico-onlus.org\/wp-content\/uploads\/2019\/12\/IMG_6953.jpg|caption^null|alt^null|title^IMG_6953|description^null&#8221; bg_image_repeat=&#8221;no-repeat&#8221; bg_image_size=&#8221;contain&#8221; sd_bg_color=&#8221;&#8221;][vc_column][\/vc_column][\/vc_row][vc_row centered=&#8221;yes&#8221;][vc_column][vc_row_inner][vc_column_inner width=&#8221;1\/2&#8243;][vc_single_image image=&#8221;2518&#8243; img_size=&#8221;full&#8221; alignment=&#8221;center&#8221;][vc_btn title=&#8221;COMPILA ONLINE&#8221; style=&#8221;3d&#8221; size=&#8221;lg&#8221; i_icon_fontawesome=&#8221;fa fa-external-link&#8221; add_icon=&#8221;true&#8221; link=&#8221;url:https%3A%2F%2Fforms.gle%2F98w8GmPiDeMS4oRi9||target:%20_blank|&#8221;][\/vc_column_inner][vc_column_inner width=&#8221;1\/2&#8243;][vc_single_image image=&#8221;3062&#8243; img_size=&#8221;full&#8221;][vc_btn title=&#8221;SCARICA IL MODULO&#8221; style=&#8221;3d&#8221; i_icon_fontawesome=&#8221;fa fa-external-link&#8221; add_icon=&#8221;true&#8221; link=&#8221;url:http%3A%2F%2Fdinamico-onlus.org%2Fwp-content%2Fuploads%2F2020%2F03%2F1_domanda_ammissione.pdf||target:%20_blank|&#8221;][\/vc_column_inner][\/vc_row_inner][vc_separator][\/vc_column][\/vc_row][vc_row][vc_column][vc_toggle title=&#8221;Quanto dura la tessera&#8221; css=&#8221;.vc_custom_1585245111834{margin-left: 170px !important;}&#8221;]L&#8217;adesione dura un anno solare: dal 1 gennaio al 31 dicembre dell&#8217;anno<\/p>\n<p><a class=\"sd-more sd-all-trans\" href=\"https:\/\/dinamico-onlus.org\/index.php\/contact-us\/socio\/#more-2564\">Read More<\/a><\/p>\n","protected":false},"author":2,"featured_media":0,"parent":355,"menu_order":0,"comment_status":"closed","ping_status":"closed","template":"full-width-page.php","meta":{"footnotes":""},"class_list":["post-2564","page","type-page","status-publish","hentry"],"_links":{"self":[{"href":"https:\/\/dinamico-onlus.org\/index.php\/wp-json\/wp\/v2\/pages\/2564","targetHints":{"allow":["GET"]}}],"collection":[{"href":"https:\/\/dinamico-onlus.org\/index.php\/wp-json\/wp\/v2\/pages"}],"about":[{"href":"https:\/\/dinamico-onlus.org\/index.php\/wp-json\/wp\/v2\/types\/page"}],"author":[{"embeddable":true,"href":"https:\/\/dinamico-onlus.org\/index.php\/wp-json\/wp\/v2\/users\/2"}],"replies":[{"embeddable":true,"href":"https:\/\/dinamico-onlus.org\/index.php\/wp-json\/wp\/v2\/comments?post=2564"}],"version-history":[{"count":43,"href":"https:\/\/dinamico-onlus.org\/index.php\/wp-json\/wp\/v2\/pages\/2564\/revisions"}],"predecessor-version":[{"id":3064,"href":"https:\/\/dinamico-onlus.org\/index.php\/wp-json\/wp\/v2\/pages\/2564\/revisions\/3064"}],"up":[{"embeddable":true,"href":"https:\/\/dinamico-onlus.org\/index.php\/wp-json\/wp\/v2\/pages\/355"}],"wp:attachment":[{"href":"https:\/\/dinamico-onlus.org\/index.php\/wp-json\/wp\/v2\/media?parent=2564"}],"curies":[{"name":"wp","href":"https:\/\/api.w.org\/{rel}","templated":true}]}}