{"id":263,"date":"2015-07-30T14:47:00","date_gmt":"2015-07-30T14:47:00","guid":{"rendered":"http:\/\/helpinghands.skat.tf\/?page_id=263"},"modified":"2022-09-07T19:38:44","modified_gmt":"2022-09-07T17:38:44","slug":"about-us","status":"publish","type":"page","link":"https:\/\/dinamico-onlus.org\/index.php\/about-us\/","title":{"rendered":"CHI SIAMO"},"content":{"rendered":"<p>[vc_row bg_type=&#8221;image&#8221; parallax_style=&#8221;vcpb-default&#8221; bg_image_new=&#8221;id^2511|url^https:\/\/dinamico-onlus.org\/wp-content\/uploads\/2019\/12\/2019_12_16_palestra-2.jpg|caption^null|alt^null|title^Gioco con i birilli nell&#8217;incontro di bocce|description^null&#8221; bg_image_repeat=&#8221;no-repeat&#8221; bg_image_posiiton=&#8221;0&#8243;][vc_column]<div class=\"ult-spacer spacer-69d040b08f7e4\" data-id=\"69d040b08f7e4\" data-height=\"110\" data-height-mobile=\"50\" data-height-tab=\"\" data-height-tab-portrait=\"\" data-height-mobile-landscape=\"\" style=\"clear:both;display:block;\"><\/div><div id=\"ultimate-heading-407769d040b08f80d\" class=\"uvc-heading ult-adjust-bottom-margin ultimate-heading-407769d040b08f80d uvc-8861 \" data-hspacer=\"no_spacer\"  data-halign=\"left\" style=\"text-align:left\"><div class=\"uvc-heading-spacer no_spacer\" style=\"top\"><\/div><div class=\"uvc-sub-heading ult-responsive\"  data-ultimate-target='.uvc-heading.ultimate-heading-407769d040b08f80d .uvc-sub-heading '  data-responsive-json-new='{\"font-size\":\"desktop:18px;\",\"line-height\":\"desktop:18px;\"}'  style=\"font-family:&#039;Montserrat&#039;;font-weight:700;\"><\/p>\n<p class=\"sd-text-bg-white\">DinAmico \u00e8<\/p>\n<p><\/div><\/div><div class=\"ult-spacer spacer-69d040b08f843\" data-id=\"69d040b08f843\" data-height=\"110\" data-height-mobile=\"50\" data-height-tab=\"\" data-height-tab-portrait=\"\" data-height-mobile-landscape=\"\" style=\"clear:both;display:block;\"><\/div>[\/vc_column][\/vc_row][vc_row centered=&#8221;yes&#8221; sd_margin_top=&#8221;70px&#8221;][vc_column width=&#8221;1\/2&#8243;]<div class=\"ult-spacer spacer-69d040b08f85a\" data-id=\"69d040b08f85a\" data-height=\"70\" data-height-mobile=\"70\" data-height-tab=\"70\" data-height-tab-portrait=\"\" data-height-mobile-landscape=\"\" style=\"clear:both;display:block;\"><\/div><div id=\"ultimate-heading-793269d040b08f875\" class=\"uvc-heading ult-adjust-bottom-margin ultimate-heading-793269d040b08f875 uvc-985 \" data-hspacer=\"no_spacer\"  data-halign=\"left\" style=\"text-align:left\"><div class=\"uvc-heading-spacer no_spacer\" style=\"top\"><\/div><div class=\"uvc-sub-heading ult-responsive\"  data-ultimate-target='.uvc-heading.ultimate-heading-793269d040b08f875 .uvc-sub-heading '  data-responsive-json-new='{\"font-size\":\"desktop:12px;\",\"line-height\":\"desktop:12px;\"}'  style=\"font-family:&#039;Montserrat&#039;;font-weight:700;color:#ffffff;margin-bottom:20px;\"><\/p>\n<p class=\"sd-text-background\">CHI SIAMO<\/p>\n<p><\/div><\/div><div id=\"ultimate-heading-847069d040b08f8a0\" class=\"uvc-heading ult-adjust-bottom-margin ultimate-heading-847069d040b08f8a0 uvc-530 \" data-hspacer=\"no_spacer\"  data-halign=\"left\" style=\"text-align:left\"><div class=\"uvc-heading-spacer no_spacer\" style=\"top\"><\/div><div class=\"uvc-sub-heading ult-responsive\"  data-ultimate-target='.uvc-heading.ultimate-heading-847069d040b08f8a0 .uvc-sub-heading '  data-responsive-json-new='{\"font-size\":\"desktop:24px;\",\"line-height\":\"desktop:36px;\"}'  style=\"font-family:&#039;Montserrat&#039;;font-weight:700;color:#435061;margin-bottom:20px;\">A CHI CI RIVOLGIAMO<\/div><\/div>[vc_column_text]L\u2019associazione promuove l&#8217;incentivazione all&#8217;educazione fisica, all&#8217;attivit\u00e0 motoria, alle attivit\u00e0 ludiche, ad altri contesti culturali ed artistici, mirate all&#8217;integrazione ed alla possibilit\u00e0 di avviamento alla pratica sportiva per i disabili.<\/p>\n<p>Organizza eventi per sostenere le attivit\u00e0 sopra menzionate e per consentire, soprattutto ai pi\u00f9 giovani, di vivere al meglio la propria disabilit\u00e0 guardando allo sport come nuova opportunit\u00e0 di vita e favorendo sia un miglioramento delle condizioni fisiche del praticante, sia ulteriori possibilit\u00e0 di socializzazione.<\/p>\n<p>L\u2019associazione si rivolge, in particolare, alle famiglie di bambini con disabilit\u00e0 ma non solo, poich\u00e9 il concetto di base di DinAmico \u00e8 quello dell\u2019inclusione.[\/vc_column_text][\/vc_column][vc_column width=&#8221;1\/2&#8243;]<div class=\"ult-spacer spacer-69d040b08f8c5\" data-id=\"69d040b08f8c5\" data-height=\"70\" data-height-mobile=\"70\" data-height-tab=\"70\" data-height-tab-portrait=\"\" data-height-mobile-landscape=\"\" style=\"clear:both;display:block;\"><\/div><div id=\"ultimate-heading-508169d040b08f8dd\" class=\"uvc-heading ult-adjust-bottom-margin ultimate-heading-508169d040b08f8dd uvc-4701 \" data-hspacer=\"no_spacer\"  data-halign=\"left\" style=\"text-align:left\"><div class=\"uvc-heading-spacer no_spacer\" style=\"top\"><\/div><div class=\"uvc-sub-heading ult-responsive\"  data-ultimate-target='.uvc-heading.ultimate-heading-508169d040b08f8dd .uvc-sub-heading '  data-responsive-json-new='{\"font-size\":\"desktop:12px;\",\"line-height\":\"desktop:12px;\"}'  style=\"font-family:&#039;Montserrat&#039;;font-weight:700;color:#ffffff;margin-bottom:20px;\"><\/p>\n<p class=\"sd-text-background\">LA NOSTRA STORIA<\/p>\n<p><\/div><\/div><div class=\"ult-content-box-container \" >\t\t<div class=\"ult-content-box\" style=\"background-color:#f1f5fa;box-shadow: px px px px #f7f7f7 none;padding-top:30px;padding-right:30px;padding-bottom:20px;padding-left:30px;-webkit-transition: all 700ms ease;-moz-transition: all 700ms ease;-ms-transition: all 700ms ease;-o-transition: all 700ms ease;transition: all 700ms ease;\"  data-hover_box_shadow=\"none\"     data-bg=\"#f1f5fa\" ><div id=\"ult-carousel-113496207869d040b08f9e2\" class=\"ult-carousel-wrapper   ult_horizontal\" data-gutter=\"0\" data-rtl=\"false\" ><div class=\"ult-carousel-159208682769d040b08f964 \" >[vc_column_text css=&#8221;.vc_custom_1550341056615{margin-bottom: 0px !important;}&#8221;]<\/p>\n<h3>2017<\/h3>\n<p>L\u2019associazione DinAmico nasce il 26 maggio 2017 sulla base delle esperienze ed esigenze dei soci fondatori, sensibili al tema della disabilit\u00e0 e desiderosi di farsi promotori sul territorio per offrire nuove opportunit\u00e0 alla comunit\u00e0.<\/p>\n<p>L\u2019Associazione ha prefissato tra i principali obiettivi, quello di promuovere e realizzare alcune attivit\u00e0 per favorire l\u2019avviamento allo sport dei bambini attraverso percorsi psicomotori per l\u2019identificazione e lo sviluppo delle competenze individuali.[\/vc_column_text][vc_column_text css=&#8221;.vc_custom_1535553843282{margin-bottom: 0px !important;}&#8221;]<\/p>\n<h3>2018<\/h3>\n<p>Parallelamente all\u2019attivit\u00e0 di avviamento allo sport, DinAmico sente ora l\u2019esigenza di avviare un nuovo ed importante progetto che riguarda l\u2019autonomia dei bambini con disabilit\u00e0<\/p>\n<p>DinAmico intende creare un ambiente domotico, senza barriere, riproducente il pi\u00f9 possibile la condizione di una \u201ccasa\u201d a misura delle varie disabilit\u00e0 (uditive, visive, motorie, ecc.) per favorire, fra l\u2019altro, l\u2019autonomia nei bambini.[\/vc_column_text][vc_column_text css=&#8221;.vc_custom_1550341271657{margin-bottom: 0px !important;}&#8221;]<\/p>\n<h3>2019<\/h3>\n<p>DinAmico intende creare un ambiente domotico, senza barriere, riproducente il pi\u00f9 possibile la condizione di una \u201ccasa\u201d a misura delle varie disabilit\u00e0 (uditive, visive, motorie, ecc.) per favorire, fra l\u2019altro, l\u2019autonomia nei bambini.<\/p>\n<p>\u00c8 nota l\u2019esistenza di progetti denominati \u201cdopo di noi\u201d che coinvolgono adulti, ma le finalit\u00e0 di DinAmico sono quelle di realizzare tutte le attivit\u00e0 in maniera inclusiva, con particolare riguardo all\u2019aspetto ludico per i bambini, mentre agli adulti sar\u00e0 data particolare rilevanza alla socializzazione inclusiva.[\/vc_column_text][vc_column_text css=&#8221;.vc_custom_1618160746203{margin-bottom: 0px !important;}&#8221;]<\/p>\n<h3>2020<\/h3>\n<p>Causa emergenza sanitaria tutte le attivit\u00e0 in palestra sono state sospese nel mese di febbraio.<\/p>\n<p>Per la stesa ragione non \u00e8 stato possibile iniziare le attivit\u00e0 di &#8220;Autonomia con Noi presso la sede di Borgo Palazzo<\/p>\n<p>[\/vc_column_text][vc_column_text css=&#8221;.vc_custom_1637863217777{margin-bottom: 0px !important;}&#8221;]<\/p>\n<h3>2021<\/h3>\n<p>Sono riprese le attivit\u00e0 in palestra nel rispetto delle disposizioni in materia di emergenza sanitaria.<\/p>\n<p>All&#8217;interno del progetto &#8220;Autonomia con noi \u00e8 stato attivato un percorso di terapia occupazionale (al momento sperimentale), rivolto ad utenti in et\u00e0 evolutiva, con l\u2019obiettivo di aumentare il loro livello di autonomia, con focus alle attivit\u00e0 di cura personale e alla macro-area cucina.[\/vc_column_text]<\/div><\/div>\t\t\t<script type=\"text\/javascript\">\r\n\t\t\t\tjQuery(document).ready(function ($) {\r\n\t\t\t\t\tif( typeof jQuery('.ult-carousel-159208682769d040b08f964').slick == \"function\"){\r\n\t\t\t\t\t\t$('.ult-carousel-159208682769d040b08f964').slick({dots: true,autoplay: true,autoplaySpeed: 3000,speed: 300,infinite: false,arrows: false,slidesToScroll:1,slidesToShow:1,swipe: true,draggable: true,touchMove: true,pauseOnHover: true,responsive: [\r\n\t\t\t\t\t\t\t{\r\n\t\t\t\t\t\t\t  breakpoint: 1025,\r\n\t\t\t\t\t\t\t  settings: {\r\n\t\t\t\t\t\t\t\tslidesToShow: 1,\r\n\t\t\t\t\t\t\t\tslidesToScroll: 1,  \r\n\t\t\t\t\t\t\t  }\r\n\t\t\t\t\t\t\t},\r\n\t\t\t\t\t\t\t{\r\n\t\t\t\t\t\t\t  breakpoint: 769,\r\n\t\t\t\t\t\t\t  settings: {\r\n\t\t\t\t\t\t\t\tslidesToShow: 1,\r\n\t\t\t\t\t\t\t\tslidesToScroll: 1\r\n\t\t\t\t\t\t\t  }\r\n\t\t\t\t\t\t\t},\r\n\t\t\t\t\t\t\t{\r\n\t\t\t\t\t\t\t  breakpoint: 481,\r\n\t\t\t\t\t\t\t  settings: {\r\n\t\t\t\t\t\t\t\tslidesToShow: 1,\r\n\t\t\t\t\t\t\t\tslidesToScroll: 1\r\n\t\t\t\t\t\t\t  }\r\n\t\t\t\t\t\t\t}\r\n\t\t\t\t\t\t],pauseOnDotsHover: true,customPaging: function(slider, i) {\r\n                   return '<i type=\"button\" style= \"color:#91a1b4;\" class=\"ultsl-record\" data-role=\"none\"><\/i>';\r\n                },});\r\n\t\t\t\t\t}\r\n\t\t\t\t});\r\n\t\t\t<\/script>\r\n\t\t\t\t\t<\/div><\/div>[\/vc_column][\/vc_row][vc_row centered=&#8221;yes&#8221; sd_margin_top=&#8221;70px&#8221;][vc_column width=&#8221;1\/3&#8243;]<div class=\"ult-spacer spacer-69d040b08fa34\" data-id=\"69d040b08fa34\" data-height=\"70\" data-height-mobile=\"70\" data-height-tab=\"70\" data-height-tab-portrait=\"\" data-height-mobile-landscape=\"\" style=\"clear:both;display:block;\"><\/div><div class=\"ult-just-icon-wrapper  \"><div class=\"align-icon\" style=\"text-align:left;\">\n<div class=\"aio-icon none \"  style=\"color:#29af8a;font-size:36px;\">\n\t<i class=\"Defaults-newspaper-o\"><\/i>\n<\/div><\/div><\/div><div id=\"ultimate-heading-311069d040b08fae3\" class=\"uvc-heading ult-adjust-bottom-margin ultimate-heading-311069d040b08fae3 uvc-5098 \" data-hspacer=\"line_only\"  data-halign=\"left\" style=\"text-align:left\"><div class=\"uvc-heading-spacer line_only\" style=\"topheight:1px;\"><span class=\"uvc-headings-line\" style=\"border-style:solid;border-bottom-width:1px;border-color:#ccc;width:autopx;\"><\/span><\/div><div class=\"uvc-main-heading ult-responsive\"  data-ultimate-target='.uvc-heading.ultimate-heading-311069d040b08fae3 h3'  data-responsive-json-new='{\"font-size\":\"desktop:14px;\",\"line-height\":\"desktop:14px;\"}' ><h3 style=\"font-family:&#039;Montserrat&#039;;font-weight:700;margin-top:20px;margin-bottom:15px;\">RUNTS<\/h3><\/div><div class=\"uvc-sub-heading ult-responsive\"  data-ultimate-target='.uvc-heading.ultimate-heading-311069d040b08fae3 .uvc-sub-heading '  data-responsive-json-new='{\"font-size\":\"\",\"line-height\":\"desktop:24px;\"}'  style=\"font-weight:normal;\">DinAmico Organizzazione di Volontariato \u00e8 iscritta al Registro Unico Nazionale del Terzo Settore con n. di repertorio 33208 del 31 maggio 2022.<\/div><\/div>[\/vc_column][vc_column width=&#8221;1\/3&#8243;]<div class=\"ult-spacer spacer-69d040b08fb18\" data-id=\"69d040b08fb18\" data-height=\"70\" data-height-mobile=\"70\" data-height-tab=\"70\" data-height-tab-portrait=\"\" data-height-mobile-landscape=\"\" style=\"clear:both;display:block;\"><\/div><div class=\"ult-just-icon-wrapper  \"><div class=\"align-icon\" style=\"text-align:left;\">\n<div class=\"aio-icon none \"  style=\"color:#29af8a;font-size:36px;\">\n\t<i class=\"Defaults-star\"><\/i>\n<\/div><\/div><\/div><div id=\"ultimate-heading-285969d040b08fb53\" class=\"uvc-heading ult-adjust-bottom-margin ultimate-heading-285969d040b08fb53 uvc-6214 \" data-hspacer=\"line_only\"  data-halign=\"left\" style=\"text-align:left\"><div class=\"uvc-heading-spacer line_only\" style=\"topheight:1px;\"><span class=\"uvc-headings-line\" style=\"border-style:solid;border-bottom-width:1px;border-color:#ccc;width:autopx;\"><\/span><\/div><div class=\"uvc-main-heading ult-responsive\"  data-ultimate-target='.uvc-heading.ultimate-heading-285969d040b08fb53 h3'  data-responsive-json-new='{\"font-size\":\"desktop:14px;\",\"line-height\":\"desktop:14px;\"}' ><h3 style=\"font-family:&#039;Montserrat&#039;;font-weight:700;margin-top:20px;margin-bottom:15px;\">MISSION<\/h3><\/div><div class=\"uvc-sub-heading ult-responsive\"  data-ultimate-target='.uvc-heading.ultimate-heading-285969d040b08fb53 .uvc-sub-heading '  data-responsive-json-new='{\"font-size\":\"\",\"line-height\":\"desktop:24px;\"}'  style=\"font-weight:normal;\">La mission \u00e8 di offrire ai bambini un periodo di svago e divertimento e di contribuire a sviluppare in loro la fiducia nelle proprie capacit\u00e0 e nel proprio potenziale.<\/div><\/div>[\/vc_column][vc_column width=&#8221;1\/3&#8243;]<div class=\"ult-spacer spacer-69d040b08fb7a\" data-id=\"69d040b08fb7a\" data-height=\"70\" data-height-mobile=\"70\" data-height-tab=\"70\" data-height-tab-portrait=\"\" data-height-mobile-landscape=\"\" style=\"clear:both;display:block;\"><\/div><div class=\"ult-just-icon-wrapper  \"><div class=\"align-icon\" style=\"text-align:left;\">\n<div class=\"aio-icon none \"  style=\"color:#29af8a;font-size:36px;\">\n\t<i class=\"Defaults-thumbs-up\"><\/i>\n<\/div><\/div><\/div><div id=\"ultimate-heading-620469d040b08fbae\" class=\"uvc-heading ult-adjust-bottom-margin ultimate-heading-620469d040b08fbae uvc-9194 \" data-hspacer=\"no_spacer\"  data-halign=\"left\" style=\"text-align:left\"><div class=\"uvc-heading-spacer no_spacer\" style=\"top\"><\/div><div class=\"uvc-main-heading ult-responsive\"  data-ultimate-target='.uvc-heading.ultimate-heading-620469d040b08fbae h3'  data-responsive-json-new='{\"font-size\":\"desktop:14px;\",\"line-height\":\"desktop:14px;\"}' ><h3 style=\"font-family:&#039;Montserrat&#039;;font-weight:700;margin-top:20px;margin-bottom:15px;\">EVOLUZIONE<\/h3><\/div><div class=\"uvc-sub-heading ult-responsive\"  data-ultimate-target='.uvc-heading.ultimate-heading-620469d040b08fbae .uvc-sub-heading '  data-responsive-json-new='{\"font-size\":\"\",\"line-height\":\"desktop:24px;\"}'  style=\"font-weight:normal;\">Le attivit\u00e0 principali svolte dall&#8217;associazione sono:<\/p>\n<li>&#8220;Gioco sport&#8221; nella palestra di Villa d&#8217;Alm\u00e8;<\/li>\n<li>&#8220;Autonomia con noi&#8221; presso i locali siti in Borgo Palazzo 130<\/li>\n<\/ul>\n<p><\/div><\/div>[\/vc_column][\/vc_row][vc_row centered=&#8221;yes&#8221; bg_type=&#8221;bg_color&#8221; sd_margin_top=&#8221;100px&#8221;][vc_column width=&#8221;1\/3&#8243;]<div class=\"ult-content-box-container \" >\t\t<div class=\"ult-content-box\" style=\"box-shadow: px px px px none;-webkit-transition: all 700ms ease;-moz-transition: all 700ms ease;-ms-transition: all 700ms ease;-o-transition: all 700ms ease;transition: all 700ms ease;\"  data-hover_box_shadow=\"none\"    ><div class=\"aio-icon-component    style_1\"><a class=\"aio-icon-box-link\" href=\"https:\/\/dinamico-onlus.org\/wp-content\/uploads\/2022\/09\/PEC_RL_iscrizione.pdf\"target=\"_blank\"rel=\"noopener\"><div id=\"Info-box-wrap-7998\" class=\"aio-icon-box default-icon\" style=\"\"  ><div class=\"aio-icon-default\"><div class=\"ult-just-icon-wrapper  \"><div class=\"align-icon\" style=\"text-align:center;\">\n<div class=\"aio-icon none \" data-animation=\"fadeInDown\" data-animation-delay=\"03\" style=\"color:#1e73be;font-size:32px;display:inline-block;\">\n\t<i class=\"Defaults-download\"><\/i>\n<\/div><\/div><\/div><\/div><div class=\"aio-icon-header\" ><h3 class=\"aio-icon-title ult-responsive\"  data-ultimate-target='#Info-box-wrap-7998 .aio-icon-title'  data-responsive-json-new='{\"font-size\":\"\",\"line-height\":\"\"}'  style=\"color:rgba(27,57,181,0.72);\">Iscrizione RUNTS<\/h3><\/div> <!-- header --><\/div> <!-- aio-icon-box --><\/a><\/div> <!-- aio-icon-component --><div class=\"ult-spacer spacer-69d040b08fc80\" data-id=\"69d040b08fc80\" data-height=\"40\" data-height-mobile=\"40\" data-height-tab=\"40\" data-height-tab-portrait=\"\" data-height-mobile-landscape=\"\" style=\"clear:both;display:block;\"><\/div>\t\t<\/div><\/div>[\/vc_column][\/vc_row][vc_row][vc_column][vc_column_text]<br \/>\n<!-- Global site tag (gtag.js) - Google Analytics --><br \/>\n<script async src=\"https:\/\/www.googletagmanager.com\/gtag\/js?id=UA-155193734-1\"><\/script> <script>\n  window.dataLayer = window.dataLayer || [];\n  function gtag(){dataLayer.push(arguments);}\n  gtag('js', new Date());<\/p>\n<p>  gtag('config', 'UA-155193734-1');\n<\/script><br \/>\n[\/vc_column_text][\/vc_column][\/vc_row]<\/p>\n","protected":false},"excerpt":{"rendered":"<p>[vc_row bg_type=&#8221;image&#8221; parallax_style=&#8221;vcpb-default&#8221; bg_image_new=&#8221;id^2511|url^https:\/\/dinamico-onlus.org\/wp-content\/uploads\/2019\/12\/2019_12_16_palestra-2.jpg|caption^null|alt^null|title^Gioco con i birilli nell&#8217;incontro di bocce|description^null&#8221; bg_image_repeat=&#8221;no-repeat&#8221; bg_image_posiiton=&#8221;0&#8243;][vc_column][\/vc_column][\/vc_row][vc_row centered=&#8221;yes&#8221; sd_margin_top=&#8221;70px&#8221;][vc_column width=&#8221;1\/2&#8243;][vc_column_text]L\u2019associazione promuove l&#8217;incentivazione all&#8217;educazione fisica, all&#8217;attivit\u00e0 motoria, alle attivit\u00e0 ludiche, ad altri contesti culturali ed artistici, mirate all&#8217;integrazione ed alla possibilit\u00e0 di avviamento alla pratica sportiva per i disabili. Organizza eventi per sostenere le attivit\u00e0 sopra<\/p>\n<p><a class=\"sd-more sd-all-trans\" href=\"https:\/\/dinamico-onlus.org\/index.php\/about-us\/#more-263\">Read More<\/a><\/p>\n","protected":false},"author":1,"featured_media":0,"parent":0,"menu_order":0,"comment_status":"open","ping_status":"open","template":"full-width-page.php","meta":{"footnotes":""},"class_list":["post-263","page","type-page","status-publish","hentry"],"_links":{"self":[{"href":"https:\/\/dinamico-onlus.org\/index.php\/wp-json\/wp\/v2\/pages\/263","targetHints":{"allow":["GET"]}}],"collection":[{"href":"https:\/\/dinamico-onlus.org\/index.php\/wp-json\/wp\/v2\/pages"}],"about":[{"href":"https:\/\/dinamico-onlus.org\/index.php\/wp-json\/wp\/v2\/types\/page"}],"author":[{"embeddable":true,"href":"https:\/\/dinamico-onlus.org\/index.php\/wp-json\/wp\/v2\/users\/1"}],"replies":[{"embeddable":true,"href":"https:\/\/dinamico-onlus.org\/index.php\/wp-json\/wp\/v2\/comments?post=263"}],"version-history":[{"count":61,"href":"https:\/\/dinamico-onlus.org\/index.php\/wp-json\/wp\/v2\/pages\/263\/revisions"}],"predecessor-version":[{"id":2979,"href":"https:\/\/dinamico-onlus.org\/index.php\/wp-json\/wp\/v2\/pages\/263\/revisions\/2979"}],"wp:attachment":[{"href":"https:\/\/dinamico-onlus.org\/index.php\/wp-json\/wp\/v2\/media?parent=263"}],"curies":[{"name":"wp","href":"https:\/\/api.w.org\/{rel}","templated":true}]}}