{"id":2780,"date":"2022-07-25T19:28:27","date_gmt":"2022-07-25T17:28:27","guid":{"rendered":"https:\/\/dinamico-onlus.org\/?page_id=2780"},"modified":"2022-09-21T17:13:42","modified_gmt":"2022-09-21T15:13:42","slug":"costituzione-odv","status":"publish","type":"page","link":"https:\/\/dinamico-onlus.org\/index.php\/gestione-ets\/costituzione-odv\/","title":{"rendered":"Costituzione ODV"},"content":{"rendered":"<p>[vc_row][vc_column css=&#8221;.vc_custom_1658758597620{margin-right: 100px !important;margin-left: 100px !important;}&#8221;][vc_tta_tour color=&#8221;vista-blue&#8221; active_section=&#8221;1&#8243;][vc_tta_section i_icon_fontawesome=&#8221;fa fa-file-text-o&#8221; add_icon=&#8221;true&#8221; title=&#8221;Atto costitutivo&#8221; tab_id=&#8221;1658757271015-d9bb1c0a-e89e&#8221;][vc_column_text css=&#8221;.vc_custom_1662366380992{margin-right: 200px !important;margin-bottom: -20px !important;background-position: center !important;background-repeat: no-repeat !important;background-size: cover !important;}&#8221;]<strong>Atto costitutivo<\/strong><\/p>\n<p>Fermo restando la necessit\u00e0 di rispettare il numero minimo di soci per costituire un\u2019Associazione di volontariato previsto dal D.Lgs. 117\/2017 all\u2019art. 32, ovvero 7 persone fisiche (oppure 3 organizzazioni di volontariato), innanzitutto \u00e8 necessario convocare la prima Assemblea costituente per approvare atto costitutivo e statuto e fondare l\u2019Associazione.<br \/>\nNell\u2019occasione, bisogna redigere 3 copie dell\u2019atto costitutivo e dello 3 dello statuto in carta libera; ogni copia deve essere firmata in originale dai soci fondatori su ogni pagina. Di queste:<\/p>\n<ul>\n<li>1 copia sar\u00e0 per l\u2019Agenzia delle Entrate, sportello Ufficio Anagrafe, per la richiesta del codice fiscale;<\/li>\n<li>1 copia per l\u2019Agenzia delle Entrate, sportello Pubblico Registro, per la registrazione della scrittura privata;<\/li>\n<li>1 copia, con gli estremi di registrazione, rester\u00e0 all\u2019Associazione: \u00e8 il documento costitutivo pi\u00f9 importante da conservare.<\/li>\n<p style=\"text-align: right;\">Fonte CSV BG<\/p>\n<p>[\/vc_column_text][vc_btn title=&#8221;Scarica documento&#8221; color=&#8221;green&#8221; i_type=&#8221;pixelicons&#8221; i_icon_pixelicons=&#8221;vc_pixel_icon vc_pixel_icon-document_word&#8221; add_icon=&#8221;true&#8221; link=&#8221;url:https%3A%2F%2Fdinamico-onlus.org%2Fwp-content%2Fuploads%2F2022%2F09%2F1_1_atto_costitutivo.docx|title:Atto%20costitutivo|target:%20_blank|&#8221;][\/vc_tta_section][vc_tta_section i_icon_fontawesome=&#8221;fa fa-file-text&#8221; add_icon=&#8221;true&#8221; title=&#8221;Statuto&#8221; tab_id=&#8221;1658844611416-69306bd7-b7bd&#8221;][vc_column_text css=&#8221;.vc_custom_1662056132274{margin-right: 200px !important;margin-bottom: -20px !important;background-position: center !important;background-repeat: no-repeat !important;background-size: cover !important;}&#8221;]<strong>Statuto<\/strong><\/p>\n<p style=\"text-align: left;\">Lo statuto, anche se individuato come atto separato rispetto all\u2019Atto di costituzione, ne \u00e8, di fatto, parte integrante ed in caso di contrasto tra clausole contenute nei due atti prevalgono quelle presenti nello statuto<\/p>\n<p style=\"text-align: right;\">Fonte CSV BG<\/p>\n<p>[\/vc_column_text][vc_btn title=&#8221;Scarica documento&#8221; color=&#8221;green&#8221; i_type=&#8221;pixelicons&#8221; i_icon_pixelicons=&#8221;vc_pixel_icon vc_pixel_icon-document_word&#8221; add_icon=&#8221;true&#8221; link=&#8221;url:https%3A%2F%2Fdinamico-onlus.org%2Fwp-content%2Fuploads%2F2022%2F09%2F1_2_statuto.docx|title:Atto%20costitutivo|target:%20_blank|&#8221;][\/vc_tta_section][vc_tta_section i_icon_fontawesome=&#8221;fa fa-address-card&#8221; add_icon=&#8221;true&#8221; title=&#8221;Attribuzione codice fiscale&#8221; tab_id=&#8221;1658854194737-2d18a4c2-4d9c&#8221;][vc_column_text css=&#8221;.vc_custom_1662834981856{margin-right: 200px !important;margin-bottom: 0px !important;background-position: center !important;background-repeat: no-repeat !important;background-size: cover !important;}&#8221;]<strong>Attribuzione codice fiscale<\/strong><\/p>\n<p>Le associazioni che non esercitano un\u2019attivit\u00e0 rilevante ai fini dell\u2019Iva ma sono comunque obbligati a indicare il codice fiscale, ne devono fare richiesta all\u2019Agenzia delle entrate. Per richiedere il CF, deve utilizzare il modello AA5\/6 e consegnare una copia dell&#8217;atto costitutivo e dello statuto. Per i codici ATECO da utilizzare clicca <a href=\"https:\/\/codiceateco.it\/classe?q=94.99\">qui<\/a>[\/vc_column_text][vc_btn title=&#8221;Scarica AA5\/6 editabile&#8221; color=&#8221;green&#8221; i_type=&#8221;pixelicons&#8221; i_icon_pixelicons=&#8221;vc_pixel_icon vc_pixel_icon-document_pdf&#8221; add_icon=&#8221;true&#8221; link=&#8221;url:https%3A%2F%2Fdinamico-onlus.org%2Fwp-content%2Fuploads%2F2022%2F09%2F1_3_AA5_Codice_fiscale.pdf|title:Atto%20costitutivo|target:%20_blank|&#8221;][\/vc_tta_section][vc_tta_section i_type=&#8221;material&#8221; i_icon_material=&#8221;vc-material vc-material-border_color&#8221; add_icon=&#8221;true&#8221; title=&#8221;Registrazione atto (modello 69)&#8221; tab_id=&#8221;1658852439723-0f1464db-9962&#8243;][vc_column_text css=&#8221;.vc_custom_1662279687239{margin-right: 200px !important;background-position: center !important;background-repeat: no-repeat !important;background-size: cover !important;}&#8221;]<strong>Registrazione atto<\/strong><\/p>\n<p>Per registrare l\u2019atto \u00e8 necessario:<br \/>\n&#8211; compilare il modello 69\u201d;<br \/>\n&#8211; consegnare duplice copia dell\u2019atto costitutivo e dello statuto sottoscritti in originale dai soci fondatori;<br \/>\n&#8211; ritirare una copia dell\u2019atto costitutivo e dello statuto con gli estremi di registrazione.<br \/>\nAssociazioni di questa tipologia non usufruiscono dell\u2019esenzione dalle imposte di bollo e di registro. Solo dal momento in cui saranno iscritte al registro delle Organizzazioni di Volontariato, saranno esenti ai sensi dell\u2019art. 82 D.Lgs. 117\/2017.<br \/>\nImposta di registro: tramite modello F24 (codice 1550), che verr\u00e0 consegnato dal funzionario dell\u2019Agenzia delle Entrate, recarsi presso sportello bancario o postale per il pagamento dell\u2019imposta fissa di registro pari a euro 200.<br \/>\nImposta di bollo: si paga tramite l\u2019apposizione di marche da bollo da 16 euro sulla duplice copia dello statuto, una ogni 100 righe od ogni 4 pagine.<\/p>\n<p style=\"text-align: right;\">Fonte CSV Bergamo<\/p>\n<p>[\/vc_column_text][vc_btn title=&#8221;Modello 69 editabile&#8221; color=&#8221;green&#8221; i_type=&#8221;pixelicons&#8221; i_icon_pixelicons=&#8221;vc_pixel_icon vc_pixel_icon-document_pdf&#8221; add_icon=&#8221;true&#8221; link=&#8221;url:https%3A%2F%2Fdinamico-onlus.org%2Fwp-content%2Fuploads%2F2022%2F09%2F1_4_modello-69-compilabile.pdf|title:Atto%20costitutivo|target:%20_blank|&#8221;][\/vc_tta_section][vc_tta_section i_icon_fontawesome=&#8221;fa fa-pencil&#8221; add_icon=&#8221;true&#8221; title=&#8221;Iscrizione al RUNTS&#8221; tab_id=&#8221;1658935624515-4c5f7ac0-a584&#8243;][vc_column_text css=&#8221;.vc_custom_1663773215624{margin-right: 200px !important;background-position: center !important;background-repeat: no-repeat !important;background-size: cover !important;}&#8221;]<strong>Iscrizione al RUNTS <\/strong><\/p>\n<p>L\u2019iscrizione al RUNTS consente di acquisire la qualifica di Ente del Terzo Settore (ETS), di beneficiare di agevolazioni, anche di natura fiscale e di accedere al 5 per mille.<br \/>\nL&#8217;iscrizione deve essere effettuata accendendo, con SPID o CIE, al portale \u00a0disponibile sul <a href=\"https:\/\/servizi.lavoro.gov.it\/Public\/login?retUrl=https:\/\/servizi.lavoro.gov.it\/&amp;App=ServiziHome\" target=\"_blank\" rel=\"noopener\">sito del Ministero del Lavoro e delle Politiche sociali<\/a><br \/>\nPer la gestione dei documenti \u00e8 necessario dotarsi di Pec e firma digitale (modalit\u00e0 cades), nonch\u00e8 di un programma per la conversione del documento in PDF\/A (PDF\/A \u00e8 uno standard internazionale pensato per l&#8217;archiviazione nel lungo periodo di documenti e garantisce che il documento sia visualizzabile sempre allo stesso modo)[\/vc_column_text][vc_btn title=&#8221;Elenco gestori PEC&#8221; color=&#8221;green&#8221; i_type=&#8221;entypo&#8221; i_icon_entypo=&#8221;entypo-icon entypo-icon-download&#8221; add_icon=&#8221;true&#8221; link=&#8221;url:https%3A%2F%2Fwww.agid.gov.it%2Fit%2Fpiattaforme%2Fposta-elettronica-certificata%2Felenco-gestori-pec|title:Atto%20costitutivo|target:%20_blank|&#8221;][vc_btn title=&#8221;Come attivare lo SPID&#8221; color=&#8221;green&#8221; i_type=&#8221;entypo&#8221; i_icon_entypo=&#8221;entypo-icon entypo-icon-download&#8221; add_icon=&#8221;true&#8221; link=&#8221;url:https%3A%2F%2Fwww.spid.gov.it%2Fcos-e-spid%2Fcome-attivare-spid%2F|title:Atto%20costitutivo|target:%20_blank|&#8221;][vc_btn title=&#8221;Prestatori servizi Firma digitale&#8221; color=&#8221;green&#8221; i_type=&#8221;entypo&#8221; i_icon_entypo=&#8221;entypo-icon entypo-icon-download&#8221; add_icon=&#8221;true&#8221; link=&#8221;url:https%3A%2F%2Fwww.agid.gov.it%2Fpiattaforme%2Ffirma-elettronica-qualificata%2Fprestatori-di-servizi-fiduciari-attivi-in-italia|title:Atto%20costitutivo|target:%20_blank|&#8221;][vc_btn title=&#8221;PDF\/A&#8221; color=&#8221;green&#8221; i_type=&#8221;entypo&#8221; i_icon_entypo=&#8221;entypo-icon entypo-icon-download&#8221; add_icon=&#8221;true&#8221; link=&#8221;url:https%3A%2F%2Fsportello.comune.trento.it%2Ffaq%3Ac_l378%3Aconvertire.formato.pdf.a|title:Atto%20costitutivo|target:%20_blank|&#8221;][\/vc_tta_section][\/vc_tta_tour][\/vc_column][\/vc_row]<\/p>\n","protected":false},"excerpt":{"rendered":"<p>[vc_row][vc_column css=&#8221;.vc_custom_1658758597620{margin-right: 100px !important;margin-left: 100px !important;}&#8221;][vc_tta_tour color=&#8221;vista-blue&#8221; active_section=&#8221;1&#8243;][vc_tta_section i_icon_fontawesome=&#8221;fa fa-file-text-o&#8221; add_icon=&#8221;true&#8221; title=&#8221;Atto costitutivo&#8221; tab_id=&#8221;1658757271015-d9bb1c0a-e89e&#8221;][vc_column_text css=&#8221;.vc_custom_1662366380992{margin-right: 200px !important;margin-bottom: -20px !important;background-position: center !important;background-repeat: no-repeat !important;background-size: cover !important;}&#8221;]Atto costitutivo Fermo restando la necessit\u00e0 di rispettare il numero minimo di soci per costituire un\u2019Associazione di volontariato previsto dal D.Lgs. 117\/2017 all\u2019art. 32, ovvero 7<\/p>\n<p><a class=\"sd-more sd-all-trans\" href=\"https:\/\/dinamico-onlus.org\/index.php\/gestione-ets\/costituzione-odv\/#more-2780\">Read More<\/a><\/p>\n","protected":false},"author":2,"featured_media":0,"parent":2772,"menu_order":0,"comment_status":"closed","ping_status":"closed","template":"full-width-page.php","meta":{"footnotes":""},"class_list":["post-2780","page","type-page","status-publish","hentry"],"_links":{"self":[{"href":"https:\/\/dinamico-onlus.org\/index.php\/wp-json\/wp\/v2\/pages\/2780","targetHints":{"allow":["GET"]}}],"collection":[{"href":"https:\/\/dinamico-onlus.org\/index.php\/wp-json\/wp\/v2\/pages"}],"about":[{"href":"https:\/\/dinamico-onlus.org\/index.php\/wp-json\/wp\/v2\/types\/page"}],"author":[{"embeddable":true,"href":"https:\/\/dinamico-onlus.org\/index.php\/wp-json\/wp\/v2\/users\/2"}],"replies":[{"embeddable":true,"href":"https:\/\/dinamico-onlus.org\/index.php\/wp-json\/wp\/v2\/comments?post=2780"}],"version-history":[{"count":65,"href":"https:\/\/dinamico-onlus.org\/index.php\/wp-json\/wp\/v2\/pages\/2780\/revisions"}],"predecessor-version":[{"id":3042,"href":"https:\/\/dinamico-onlus.org\/index.php\/wp-json\/wp\/v2\/pages\/2780\/revisions\/3042"}],"up":[{"embeddable":true,"href":"https:\/\/dinamico-onlus.org\/index.php\/wp-json\/wp\/v2\/pages\/2772"}],"wp:attachment":[{"href":"https:\/\/dinamico-onlus.org\/index.php\/wp-json\/wp\/v2\/media?parent=2780"}],"curies":[{"name":"wp","href":"https:\/\/api.w.org\/{rel}","templated":true}]}}