{"id":2881,"date":"2022-07-29T12:42:24","date_gmt":"2022-07-29T10:42:24","guid":{"rendered":"https:\/\/dinamico-onlus.org\/?page_id=2881"},"modified":"2022-09-14T11:37:58","modified_gmt":"2022-09-14T09:37:58","slug":"regolamenti","status":"publish","type":"page","link":"https:\/\/dinamico-onlus.org\/index.php\/gestione-ets\/regolamenti\/","title":{"rendered":"Regolamenti"},"content":{"rendered":"<p>[vc_row][vc_column css=&#8221;.vc_custom_1658758597620{margin-right: 100px !important;margin-left: 100px !important;}&#8221;][vc_column_text css=&#8221;.vc_custom_1662454230091{margin-right: 200px !important;background-position: center !important;background-repeat: no-repeat !important;background-size: cover !important;}&#8221;]Gli statuti di norma, non potendo essere esaustivi, prevedono la possibilit\u00e0 di disciplinare determinate materie (es.: rimborso spese) tramite un regolamento. Si raccomanda di verificare se il regolamento deve essere deliberato dall&#8217;Organo di Amministrazione o dall&#8217;assemblea dei soci[\/vc_column_text][vc_separator border_width=&#8221;2&#8243; css=&#8221;.vc_custom_1659187314102{margin-bottom: -20px !important;}&#8221;][vc_tta_tour color=&#8221;sandy-brown&#8221; controls_size=&#8221;sm&#8221; active_section=&#8221;1&#8243;][vc_tta_section i_icon_fontawesome=&#8221;fa fa-users&#8221; add_icon=&#8221;true&#8221; title=&#8221;Rinnovo cariche&#8221; tab_id=&#8221;1659089353632-9d5ccf1a-0a14&#8243;][vc_column_text css=&#8221;.vc_custom_1662454263903{margin-right: 200px !important;margin-bottom: 0px !important;background-position: center !important;background-repeat: no-repeat !important;background-size: cover !important;}&#8221;]<strong>Rinnovo cariche<\/strong><\/p>\n<p>E&#8217; alquanto consigliato approvare un regolamento che disciplini le modalit\u00e0 di elezione delle cariche sociali dell\u2019Associazione.[\/vc_column_text][vc_btn title=&#8221;Rinnovo cariche&#8221; color=&#8221;green&#8221; size=&#8221;sm&#8221; i_type=&#8221;pixelicons&#8221; i_icon_pixelicons=&#8221;vc_pixel_icon vc_pixel_icon-document_word&#8221; add_icon=&#8221;true&#8221; link=&#8221;url:https%3A%2F%2Fdinamico-onlus.org%2Fwp-content%2Fuploads%2F2022%2F09%2F5_1_regolamento_rinnovo_cariche.docx||target:%20_blank|&#8221;][\/vc_tta_section][vc_tta_section i_icon_fontawesome=&#8221;fa fa-handshake-o&#8221; add_icon=&#8221;true&#8221; title=&#8221;Accesso libri&#8221; tab_id=&#8221;1658757271015-d9bb1c0a-e89e&#8221;][vc_column_text css=&#8221;.vc_custom_1659186701201{margin-right: 200px !important;margin-bottom: 0px !important;background-position: center !important;background-repeat: no-repeat !important;background-size: cover !important;}&#8221;]<strong>ACCESSO LIBRI SOCIALI<\/strong><\/p>\n<p>Gli associati\u00a0 hanno <strong>diritto di esaminare<\/strong> i libri sociali secondo le modalit\u00e0 previste dallo statuto. Un regolamento pu\u00f2 essere utile per disciplinarne le modalit\u00e0[\/vc_column_text][vc_btn title=&#8221;Accesso libri&#8221; color=&#8221;green&#8221; size=&#8221;sm&#8221; i_type=&#8221;pixelicons&#8221; i_icon_pixelicons=&#8221;vc_pixel_icon vc_pixel_icon-document_word&#8221; add_icon=&#8221;true&#8221; link=&#8221;url:https%3A%2F%2Fdinamico-onlus.org%2Fwp-content%2Fuploads%2F2022%2F09%2F5_2_regolamento_accesso_libri_sociali.docx||target:%20_blank|&#8221;][\/vc_tta_section][vc_tta_section i_icon_fontawesome=&#8221;fa fa-file-text-o&#8221; add_icon=&#8221;true&#8221; title=&#8221;Rimborso spese&#8221; tab_id=&#8221;1659089363574-a02d7192-143d&#8221;][vc_column_text css=&#8221;.vc_custom_1662455169043{margin-right: 200px !important;margin-bottom: 0px !important;background-position: center !important;background-repeat: no-repeat !important;background-size: cover !important;}&#8221;]<strong>RIMBORSO SPESE<\/strong><\/p>\n<p>Il volontario non pu\u00f2 essere\u00a0 retribuito per l\u2019attivit\u00e0 svolta. Pu\u00f2 unicamente ricevere il rimborso dal suo Ets delle spese effettivamente sostenute e documentate per l\u2019attivit\u00e0 stessa, entro limiti massimi e alle condizioni preventivamente stabilite dall\u2019ente medesimo.[\/vc_column_text][vc_btn title=&#8221;Rimborso spese&#8221; color=&#8221;green&#8221; i_type=&#8221;pixelicons&#8221; i_icon_pixelicons=&#8221;vc_pixel_icon vc_pixel_icon-document_word&#8221; add_icon=&#8221;true&#8221; link=&#8221;url:https%3A%2F%2Fdinamico-onlus.org%2Fwp-content%2Fuploads%2F2022%2F09%2F5_3_regolamento_rimborsi_spese.docx||target:%20_blank|&#8221;][vc_btn title=&#8221;Link utili&#8221; color=&#8221;green&#8221; i_icon_fontawesome=&#8221;fa fa-link&#8221; add_icon=&#8221;true&#8221; link=&#8221;url:https%3A%2F%2Fwww.cantiereterzosettore.it%2Friforma%2Fvolontariato%2Frimborsi-ai-volontari%2F%23%3A~%3Atext%3DIl%2520volontario%2520non%2520pu%25C3%25B2%2520ricevere%2Cpreventivamente%2520stabilite%2520dall&#8217;ente%2520medesimo.||target:%20_blank|&#8221;][\/vc_tta_section][\/vc_tta_tour][\/vc_column][\/vc_row]<\/p>\n","protected":false},"excerpt":{"rendered":"<p>[vc_row][vc_column css=&#8221;.vc_custom_1658758597620{margin-right: 100px !important;margin-left: 100px !important;}&#8221;][vc_column_text css=&#8221;.vc_custom_1662454230091{margin-right: 200px !important;background-position: center !important;background-repeat: no-repeat !important;background-size: cover !important;}&#8221;]Gli statuti di norma, non potendo essere esaustivi, prevedono la possibilit\u00e0 di disciplinare determinate materie (es.: rimborso spese) tramite un regolamento. Si raccomanda di verificare se il regolamento deve essere deliberato dall&#8217;Organo di Amministrazione o dall&#8217;assemblea<\/p>\n<p><a class=\"sd-more sd-all-trans\" href=\"https:\/\/dinamico-onlus.org\/index.php\/gestione-ets\/regolamenti\/#more-2881\">Read More<\/a><\/p>\n","protected":false},"author":2,"featured_media":2813,"parent":2772,"menu_order":0,"comment_status":"closed","ping_status":"closed","template":"full-width-page.php","meta":{"footnotes":""},"class_list":["post-2881","page","type-page","status-publish","has-post-thumbnail","hentry"],"_links":{"self":[{"href":"https:\/\/dinamico-onlus.org\/index.php\/wp-json\/wp\/v2\/pages\/2881","targetHints":{"allow":["GET"]}}],"collection":[{"href":"https:\/\/dinamico-onlus.org\/index.php\/wp-json\/wp\/v2\/pages"}],"about":[{"href":"https:\/\/dinamico-onlus.org\/index.php\/wp-json\/wp\/v2\/types\/page"}],"author":[{"embeddable":true,"href":"https:\/\/dinamico-onlus.org\/index.php\/wp-json\/wp\/v2\/users\/2"}],"replies":[{"embeddable":true,"href":"https:\/\/dinamico-onlus.org\/index.php\/wp-json\/wp\/v2\/comments?post=2881"}],"version-history":[{"count":14,"href":"https:\/\/dinamico-onlus.org\/index.php\/wp-json\/wp\/v2\/pages\/2881\/revisions"}],"predecessor-version":[{"id":3027,"href":"https:\/\/dinamico-onlus.org\/index.php\/wp-json\/wp\/v2\/pages\/2881\/revisions\/3027"}],"up":[{"embeddable":true,"href":"https:\/\/dinamico-onlus.org\/index.php\/wp-json\/wp\/v2\/pages\/2772"}],"wp:featuredmedia":[{"embeddable":true,"href":"https:\/\/dinamico-onlus.org\/index.php\/wp-json\/wp\/v2\/media\/2813"}],"wp:attachment":[{"href":"https:\/\/dinamico-onlus.org\/index.php\/wp-json\/wp\/v2\/media?parent=2881"}],"curies":[{"name":"wp","href":"https:\/\/api.w.org\/{rel}","templated":true}]}}